{"id":801,"date":"2024-09-05T14:34:47","date_gmt":"2024-09-05T12:34:47","guid":{"rendered":"https:\/\/skjaerbaek-air.dk\/?page_id=801"},"modified":"2025-03-13T13:09:05","modified_gmt":"2025-03-13T12:09:05","slug":"forside","status":"publish","type":"page","link":"https:\/\/skjaerbaek-air.dk\/en\/","title":{"rendered":"Forside"},"content":{"rendered":"<div data-elementor-type=\"wp-page\" data-elementor-id=\"801\" class=\"elementor elementor-801\" data-elementor-post-type=\"page\">\n\t\t\t\t\t\t<section class=\"elementor-section elementor-top-section elementor-element elementor-element-7d512048 elementor-section-full_width elementor-section-height-min-height elementor-section-items-stretch elementor-section-height-default\" data-id=\"7d512048\" data-element_type=\"section\" data-e-type=\"section\" data-settings=\"{&quot;background_background&quot;:&quot;classic&quot;}\">\n\t\t\t\t\t\t<div class=\"elementor-container elementor-column-gap-default\">\n\t\t\t\t\t<div class=\"elementor-column elementor-col-33 elementor-top-column elementor-element elementor-element-1f13c14d\" data-id=\"1f13c14d\" data-element_type=\"column\" data-e-type=\"column\">\n\t\t\t<div class=\"elementor-widget-wrap elementor-element-populated\">\n\t\t\t\t\t\t<div class=\"elementor-element elementor-element-2c500850 elementor-cta--skin-cover elementor-widget elementor-widget-call-to-action\" data-id=\"2c500850\" data-element_type=\"widget\" data-e-type=\"widget\" data-widget_type=\"call-to-action.default\">\n\t\t\t\t<div class=\"elementor-widget-container\">\n\t\t\t\t\t\t\t<div class=\"elementor-cta\">\n\t\t\t\t\t<div class=\"elementor-cta__bg-wrapper\">\n\t\t\t\t<div class=\"elementor-cta__bg elementor-bg\" style=\"background-image: url(https:\/\/skjaerbaek-air.dk\/wp-content\/uploads\/2025\/03\/P600-Skjaerbaek-Aviation-V2-Scene-D-Ext-View.0001-tilpasset-stoerrelse.jpg);\" role=\"img\" aria-label=\"P600 - Skjaerbaek Aviation V2 Scene D- Ext View.0001 - tilpasset st\u00f8rrelse\"><\/div>\n\t\t\t\t<div class=\"elementor-cta__bg-overlay\"><\/div>\n\t\t\t<\/div>\n\t\t\t\t\t\t\t<div class=\"elementor-cta__content\">\n\t\t\t\t\n\t\t\t\t\t\t\t\t\t<h2 class=\"elementor-cta__title elementor-cta__content-item elementor-content-item\">\n\t\t\t\t\t\tSkjaerbaek Air\t\t\t\t\t<\/h2>\n\t\t\t\t\n\t\t\t\t\t\t\t\t\t<div class=\"elementor-cta__description elementor-cta__content-item elementor-content-item\">\n\t\t\t\t\t\tSkjaerbaek Aviation Services er et privatejet flyselskab.\t\t\t\t\t<\/div>\n\t\t\t\t\n\t\t\t\t\t\t\t\t\t<div class=\"elementor-cta__button-wrapper elementor-cta__content-item elementor-content-item\">\n\t\t\t\t\t<a class=\"elementor-cta__button elementor-button elementor-size-\" href=\"\/en\/hjem\/\">\n\t\t\t\t\t\tL\u00e6s mere her\t\t\t\t\t<\/a>\n\t\t\t\t\t<\/div>\n\t\t\t\t\t\t\t<\/div>\n\t\t\t\t\t\t<\/div>\n\t\t\t\t\t\t<\/div>\n\t\t\t\t<\/div>\n\t\t\t\t\t<\/div>\n\t\t<\/div>\n\t\t\t\t<div class=\"elementor-column elementor-col-33 elementor-top-column elementor-element elementor-element-1decf5ae\" data-id=\"1decf5ae\" data-element_type=\"column\" data-e-type=\"column\">\n\t\t\t<div class=\"elementor-widget-wrap elementor-element-populated\">\n\t\t\t\t\t\t<div class=\"elementor-element elementor-element-6d3b5d42 elementor-cta--skin-cover elementor-widget elementor-widget-call-to-action\" data-id=\"6d3b5d42\" data-element_type=\"widget\" data-e-type=\"widget\" data-widget_type=\"call-to-action.default\">\n\t\t\t\t<div class=\"elementor-widget-container\">\n\t\t\t\t\t\t\t<div class=\"elementor-cta\">\n\t\t\t\t\t<div class=\"elementor-cta__bg-wrapper\">\n\t\t\t\t<div class=\"elementor-cta__bg elementor-bg\" style=\"background-image: url(https:\/\/skjaerbaek-air.dk\/wp-content\/uploads\/2024\/09\/Projekt-Jessens-Mole-forside.jpg);\" role=\"img\" aria-label=\"Projekt-Jessens-Mole-forside.jpg\"><\/div>\n\t\t\t\t<div class=\"elementor-cta__bg-overlay\"><\/div>\n\t\t\t<\/div>\n\t\t\t\t\t\t\t<div class=\"elementor-cta__content\">\n\t\t\t\t\n\t\t\t\t\t\t\t\t\t<h2 class=\"elementor-cta__title elementor-cta__content-item elementor-content-item\">\n\t\t\t\t\t\tES ejendomme\t\t\t\t\t<\/h2>\n\t\t\t\t\n\t\t\t\t\t\t\t\t\t<div class=\"elementor-cta__description elementor-cta__content-item elementor-content-item\">\n\t\t\t\t\t\tVi udlejer b\u00e5de privat og erhvervsboliger som passer til dine behov.\t\t\t\t\t<\/div>\n\t\t\t\t\n\t\t\t\t\t\t\t\t\t<div class=\"elementor-cta__button-wrapper elementor-cta__content-item elementor-content-item\">\n\t\t\t\t\t<a class=\"elementor-cta__button elementor-button elementor-size-\" href=\"https:\/\/esejendomme.dk\/hjem\/\">\n\t\t\t\t\t\tL\u00e6s mere her\t\t\t\t\t<\/a>\n\t\t\t\t\t<\/div>\n\t\t\t\t\t\t\t<\/div>\n\t\t\t\t\t\t<\/div>\n\t\t\t\t\t\t<\/div>\n\t\t\t\t<\/div>\n\t\t\t\t\t<\/div>\n\t\t<\/div>\n\t\t\t\t<div class=\"elementor-column elementor-col-33 elementor-top-column elementor-element elementor-element-76ead54b\" data-id=\"76ead54b\" data-element_type=\"column\" data-e-type=\"column\">\n\t\t\t<div class=\"elementor-widget-wrap elementor-element-populated\">\n\t\t\t\t\t\t<div class=\"elementor-element elementor-element-36ecb889 elementor-cta--skin-cover elementor-widget elementor-widget-call-to-action\" data-id=\"36ecb889\" data-element_type=\"widget\" data-e-type=\"widget\" data-widget_type=\"call-to-action.default\">\n\t\t\t\t<div class=\"elementor-widget-container\">\n\t\t\t\t\t\t\t<div class=\"elementor-cta\">\n\t\t\t\t\t<div class=\"elementor-cta__bg-wrapper\">\n\t\t\t\t<div class=\"elementor-cta__bg elementor-bg\" style=\"background-image: url(https:\/\/skjaerbaek-air.dk\/wp-content\/uploads\/2024\/09\/DJI_002619-kopi.jpeg);\" role=\"img\" aria-label=\"DJI_002619-kopi.jpeg\"><\/div>\n\t\t\t\t<div class=\"elementor-cta__bg-overlay\"><\/div>\n\t\t\t<\/div>\n\t\t\t\t\t\t\t<div class=\"elementor-cta__content\">\n\t\t\t\t\n\t\t\t\t\t\t\t\t\t<h2 class=\"elementor-cta__title elementor-cta__content-item elementor-content-item\">\n\t\t\t\t\t\tES Management\t\t\t\t\t<\/h2>\n\t\t\t\t\n\t\t\t\t\t\t\t\t\t<div class=\"elementor-cta__description elementor-cta__content-item elementor-content-item\">\n\t\t\t\t\t\tES Management varetager Erik Skj\u00e6rb\u00e6ks og hans families \u00f8konomiske interesser.\t\t\t\t\t<\/div>\n\t\t\t\t\n\t\t\t\t\t\t\t\t\t<div class=\"elementor-cta__button-wrapper elementor-cta__content-item elementor-content-item\">\n\t\t\t\t\t<a class=\"elementor-cta__button elementor-button elementor-size-\" href=\"https:\/\/es-management.dk\/hjem\/\">\n\t\t\t\t\t\tL\u00e6s mere her\t\t\t\t\t<\/a>\n\t\t\t\t\t<\/div>\n\t\t\t\t\t\t\t<\/div>\n\t\t\t\t\t\t<\/div>\n\t\t\t\t\t\t<\/div>\n\t\t\t\t<\/div>\n\t\t\t\t\t<\/div>\n\t\t<\/div>\n\t\t\t\t\t<\/div>\n\t\t<\/section>\n\t\t\t\t<\/div>","protected":false},"excerpt":{"rendered":"<p>Skjaerbaek Air Skjaerbaek Aviation Services er et privatejet flyselskab. L\u00e6s mere her ES ejendomme Vi udlejer b\u00e5de privat og erhvervsboliger som passer til dine behov. L\u00e6s mere her ES Management ES Management varetager Erik Skj\u00e6rb\u00e6ks og hans families \u00f8konomiske interesser. L\u00e6s mere her<\/p>","protected":false},"author":3,"featured_media":0,"parent":0,"menu_order":0,"comment_status":"closed","ping_status":"closed","template":"elementor_canvas","meta":{"footnotes":""},"class_list":["post-801","page","type-page","status-publish","hentry"],"yoast_head":"<!-- This site is optimized with the Yoast SEO plugin v27.4 - https:\/\/yoast.com\/product\/yoast-seo-wordpress\/ -->\n<title>Forside - Skjaerbaek Air<\/title>\n<meta name=\"robots\" content=\"index, follow, max-snippet:-1, max-image-preview:large, max-video-preview:-1\" \/>\n<link rel=\"canonical\" href=\"https:\/\/skjaerbaek-air.dk\/en\/\" \/>\n<meta property=\"og:locale\" content=\"en_GB\" \/>\n<meta property=\"og:type\" content=\"article\" \/>\n<meta property=\"og:title\" content=\"Forside - Skjaerbaek Air\" \/>\n<meta property=\"og:description\" content=\"Skjaerbaek Air Skjaerbaek Aviation Services er et privatejet flyselskab. L\u00e6s mere her ES ejendomme Vi udlejer b\u00e5de privat og erhvervsboliger som passer til dine behov. L\u00e6s mere her ES Management ES Management varetager Erik Skj\u00e6rb\u00e6ks og hans families \u00f8konomiske interesser. L\u00e6s mere her\" \/>\n<meta property=\"og:url\" content=\"https:\/\/skjaerbaek-air.dk\/en\/\" \/>\n<meta property=\"og:site_name\" content=\"Skjaerbaek Air\" \/>\n<meta property=\"article:modified_time\" content=\"2025-03-13T12:09:05+00:00\" \/>\n<meta name=\"twitter:card\" content=\"summary_large_image\" \/>\n<meta name=\"twitter:label1\" content=\"Estimated reading time\" \/>\n\t<meta name=\"twitter:data1\" content=\"1 minute\" \/>\n<script type=\"application\/ld+json\" class=\"yoast-schema-graph\">{\"@context\":\"https:\\\/\\\/schema.org\",\"@graph\":[{\"@type\":\"WebPage\",\"@id\":\"https:\\\/\\\/skjaerbaek-air.dk\\\/\",\"url\":\"https:\\\/\\\/skjaerbaek-air.dk\\\/\",\"name\":\"Forside - Skjaerbaek Air\",\"isPartOf\":{\"@id\":\"https:\\\/\\\/skjaerbaek-air.dk\\\/#website\"},\"datePublished\":\"2024-09-05T12:34:47+00:00\",\"dateModified\":\"2025-03-13T12:09:05+00:00\",\"breadcrumb\":{\"@id\":\"https:\\\/\\\/skjaerbaek-air.dk\\\/#breadcrumb\"},\"inLanguage\":\"en-GB\",\"potentialAction\":[{\"@type\":\"ReadAction\",\"target\":[\"https:\\\/\\\/skjaerbaek-air.dk\\\/\"]}]},{\"@type\":\"BreadcrumbList\",\"@id\":\"https:\\\/\\\/skjaerbaek-air.dk\\\/#breadcrumb\",\"itemListElement\":[{\"@type\":\"ListItem\",\"position\":1,\"name\":\"Hjem\",\"item\":\"https:\\\/\\\/skjaerbaek-air.dk\\\/\"},{\"@type\":\"ListItem\",\"position\":2,\"name\":\"Forside\"}]},{\"@type\":\"WebSite\",\"@id\":\"https:\\\/\\\/skjaerbaek-air.dk\\\/#website\",\"url\":\"https:\\\/\\\/skjaerbaek-air.dk\\\/\",\"name\":\"Skjaerbaek Air\",\"description\":\"\",\"publisher\":{\"@id\":\"https:\\\/\\\/skjaerbaek-air.dk\\\/#organization\"},\"potentialAction\":[{\"@type\":\"SearchAction\",\"target\":{\"@type\":\"EntryPoint\",\"urlTemplate\":\"https:\\\/\\\/skjaerbaek-air.dk\\\/?s={search_term_string}\"},\"query-input\":{\"@type\":\"PropertyValueSpecification\",\"valueRequired\":true,\"valueName\":\"search_term_string\"}}],\"inLanguage\":\"en-GB\"},{\"@type\":\"Organization\",\"@id\":\"https:\\\/\\\/skjaerbaek-air.dk\\\/#organization\",\"name\":\"Skjaerbaek Air\",\"url\":\"https:\\\/\\\/skjaerbaek-air.dk\\\/\",\"logo\":{\"@type\":\"ImageObject\",\"inLanguage\":\"en-GB\",\"@id\":\"https:\\\/\\\/skjaerbaek-air.dk\\\/#\\\/schema\\\/logo\\\/image\\\/\",\"url\":\"https:\\\/\\\/skjaerbaek-air.dk\\\/wp-content\\\/uploads\\\/2020\\\/11\\\/Skjaerbaek-Aviation_logo.png\",\"contentUrl\":\"https:\\\/\\\/skjaerbaek-air.dk\\\/wp-content\\\/uploads\\\/2020\\\/11\\\/Skjaerbaek-Aviation_logo.png\",\"width\":769,\"height\":553,\"caption\":\"Skjaerbaek Air\"},\"image\":{\"@id\":\"https:\\\/\\\/skjaerbaek-air.dk\\\/#\\\/schema\\\/logo\\\/image\\\/\"}}]}<\/script>\n<!-- \/ Yoast SEO plugin. -->","yoast_head_json":{"title":"Forside - Skjaerbaek Air","robots":{"index":"index","follow":"follow","max-snippet":"max-snippet:-1","max-image-preview":"max-image-preview:large","max-video-preview":"max-video-preview:-1"},"canonical":"https:\/\/skjaerbaek-air.dk\/en\/","og_locale":"en_GB","og_type":"article","og_title":"Forside - Skjaerbaek Air","og_description":"Skjaerbaek Air Skjaerbaek Aviation Services er et privatejet flyselskab. L\u00e6s mere her ES ejendomme Vi udlejer b\u00e5de privat og erhvervsboliger som passer til dine behov. L\u00e6s mere her ES Management ES Management varetager Erik Skj\u00e6rb\u00e6ks og hans families \u00f8konomiske interesser. L\u00e6s mere her","og_url":"https:\/\/skjaerbaek-air.dk\/en\/","og_site_name":"Skjaerbaek Air","article_modified_time":"2025-03-13T12:09:05+00:00","twitter_card":"summary_large_image","twitter_misc":{"Estimated reading time":"1 minute"},"schema":{"@context":"https:\/\/schema.org","@graph":[{"@type":"WebPage","@id":"https:\/\/skjaerbaek-air.dk\/","url":"https:\/\/skjaerbaek-air.dk\/","name":"Forside - Skjaerbaek Air","isPartOf":{"@id":"https:\/\/skjaerbaek-air.dk\/#website"},"datePublished":"2024-09-05T12:34:47+00:00","dateModified":"2025-03-13T12:09:05+00:00","breadcrumb":{"@id":"https:\/\/skjaerbaek-air.dk\/#breadcrumb"},"inLanguage":"en-GB","potentialAction":[{"@type":"ReadAction","target":["https:\/\/skjaerbaek-air.dk\/"]}]},{"@type":"BreadcrumbList","@id":"https:\/\/skjaerbaek-air.dk\/#breadcrumb","itemListElement":[{"@type":"ListItem","position":1,"name":"Hjem","item":"https:\/\/skjaerbaek-air.dk\/"},{"@type":"ListItem","position":2,"name":"Forside"}]},{"@type":"WebSite","@id":"https:\/\/skjaerbaek-air.dk\/#website","url":"https:\/\/skjaerbaek-air.dk\/","name":"Skjaerbaek Air","description":"","publisher":{"@id":"https:\/\/skjaerbaek-air.dk\/#organization"},"potentialAction":[{"@type":"SearchAction","target":{"@type":"EntryPoint","urlTemplate":"https:\/\/skjaerbaek-air.dk\/?s={search_term_string}"},"query-input":{"@type":"PropertyValueSpecification","valueRequired":true,"valueName":"search_term_string"}}],"inLanguage":"en-GB"},{"@type":"Organization","@id":"https:\/\/skjaerbaek-air.dk\/#organization","name":"Skjaerbaek Air","url":"https:\/\/skjaerbaek-air.dk\/","logo":{"@type":"ImageObject","inLanguage":"en-GB","@id":"https:\/\/skjaerbaek-air.dk\/#\/schema\/logo\/image\/","url":"https:\/\/skjaerbaek-air.dk\/wp-content\/uploads\/2020\/11\/Skjaerbaek-Aviation_logo.png","contentUrl":"https:\/\/skjaerbaek-air.dk\/wp-content\/uploads\/2020\/11\/Skjaerbaek-Aviation_logo.png","width":769,"height":553,"caption":"Skjaerbaek Air"},"image":{"@id":"https:\/\/skjaerbaek-air.dk\/#\/schema\/logo\/image\/"}}]}},"_links":{"self":[{"href":"https:\/\/skjaerbaek-air.dk\/en\/wp-json\/wp\/v2\/pages\/801","targetHints":{"allow":["GET"]}}],"collection":[{"href":"https:\/\/skjaerbaek-air.dk\/en\/wp-json\/wp\/v2\/pages"}],"about":[{"href":"https:\/\/skjaerbaek-air.dk\/en\/wp-json\/wp\/v2\/types\/page"}],"author":[{"embeddable":true,"href":"https:\/\/skjaerbaek-air.dk\/en\/wp-json\/wp\/v2\/users\/3"}],"replies":[{"embeddable":true,"href":"https:\/\/skjaerbaek-air.dk\/en\/wp-json\/wp\/v2\/comments?post=801"}],"version-history":[{"count":22,"href":"https:\/\/skjaerbaek-air.dk\/en\/wp-json\/wp\/v2\/pages\/801\/revisions"}],"predecessor-version":[{"id":918,"href":"https:\/\/skjaerbaek-air.dk\/en\/wp-json\/wp\/v2\/pages\/801\/revisions\/918"}],"wp:attachment":[{"href":"https:\/\/skjaerbaek-air.dk\/en\/wp-json\/wp\/v2\/media?parent=801"}],"curies":[{"name":"wp","href":"https:\/\/api.w.org\/{rel}","templated":true}]}}